{"id":2577,"date":"2022-10-05T15:20:46","date_gmt":"2022-10-05T18:20:46","guid":{"rendered":"https:\/\/www.graficarapidix.com.br\/nova\/?post_type=product&#038;p=2577"},"modified":"2022-10-05T16:20:57","modified_gmt":"2022-10-05T19:20:57","slug":"cartaz-a4","status":"publish","type":"product","link":"https:\/\/www.graficarapidix.com.br\/nova\/produto\/cartaz-a4\/","title":{"rendered":"Cartaz A4"},"content":{"rendered":"<p>\u2013 Cartazes A4<br \/>\n\u2013 Formato 210x297mm<br \/>\n\u2013 Impress\u00e3o frente colorida<br \/>\n\u2013 Papel couch\u00ea brilho 115g<br \/>\n\u2013 Acabamento corte reto<\/p>\n<p>\u2013 Veja como personalizar os seus cartazes. <a href=\"https:\/\/www.graficarapidix.com.br\/nova\/personalizar-seu-produto-e-divertido\/\"><span style=\"color: #ff6600;\"><strong>Clique aqui<\/strong><\/span><\/a>!<\/p>\n","protected":false},"excerpt":{"rendered":"<p>Comprar na loja virtual da Gr\u00e1fica Rapidix \u00e9 muito simples e voc\u00ea tem tr\u00eas op\u00e7\u00f5es. Basta escolher uma delas:<\/p>\n<p>1- Se voc\u00ea tiver uma arte final j\u00e1 pronta, clique em <span style=\"color: #808080;\"><strong>Procurar<\/strong><\/span><br \/>\n2- Para criar seu produto, em <span style=\"color: #808080;\"><strong>Personalizar produto<\/strong><\/span><br \/>\n3- Ou contrate nosso Designer: <a href=\"https:\/\/www.graficarapidix.com.br\/nova\/orcamento\/\"><strong><span style=\"color: #ff6600;\">Or\u00e7amento personalizado<\/span><\/strong><\/a><\/p>\n","protected":false},"featured_media":2578,"template":"","meta":[],"product_cat":[62,25],"product_tag":[],"class_list":["post-2577","product","type-product","status-publish","has-post-thumbnail","hentry","product_cat-cartazes","product_cat-destaques"],"yoast_head":"<!-- This site is optimized with the Yoast SEO plugin v19.10 - https:\/\/yoast.com\/wordpress\/plugins\/seo\/ -->\n<title>Cartaz A4 - Gr\u00e1fica Rapidix<\/title>\n<meta name=\"robots\" content=\"index, follow, max-snippet:-1, max-image-preview:large, max-video-preview:-1\" \/>\n<link rel=\"canonical\" href=\"https:\/\/www.graficarapidix.com.br\/nova\/produto\/cartaz-a4\/\" \/>\n<meta property=\"og:locale\" content=\"pt_BR\" \/>\n<meta property=\"og:type\" content=\"article\" \/>\n<meta property=\"og:title\" content=\"Cartaz A4 - Gr\u00e1fica Rapidix\" \/>\n<meta property=\"og:description\" content=\"Comprar na loja virtual da Gr\u00e1fica Rapidix \u00e9 muito simples e voc\u00ea tem tr\u00eas op\u00e7\u00f5es. Basta escolher uma delas:  1- Se voc\u00ea tiver uma arte final j\u00e1 pronta, clique em Procurar 2- Para criar seu produto, em Personalizar produto 3- Ou contrate nosso Designer: Or\u00e7amento personalizado\" \/>\n<meta property=\"og:url\" content=\"https:\/\/www.graficarapidix.com.br\/nova\/produto\/cartaz-a4\/\" \/>\n<meta property=\"og:site_name\" content=\"Gr\u00e1fica Rapidix\" \/>\n<meta property=\"article:modified_time\" content=\"2022-10-05T19:20:57+00:00\" \/>\n<meta property=\"og:image\" content=\"https:\/\/www.graficarapidix.com.br\/nova\/wp-content\/uploads\/2022\/10\/Cartaz-A4.jpg\" \/>\n\t<meta property=\"og:image:width\" content=\"1062\" \/>\n\t<meta property=\"og:image:height\" content=\"590\" \/>\n\t<meta property=\"og:image:type\" content=\"image\/jpeg\" \/>\n<meta name=\"twitter:card\" content=\"summary_large_image\" \/>\n<script type=\"application\/ld+json\" class=\"yoast-schema-graph\">{\"@context\":\"https:\/\/schema.org\",\"@graph\":[{\"@type\":\"WebPage\",\"@id\":\"https:\/\/www.graficarapidix.com.br\/nova\/produto\/cartaz-a4\/\",\"url\":\"https:\/\/www.graficarapidix.com.br\/nova\/produto\/cartaz-a4\/\",\"name\":\"Cartaz A4 - Gr\u00e1fica Rapidix\",\"isPartOf\":{\"@id\":\"https:\/\/www.graficarapidix.com.br\/nova\/#website\"},\"datePublished\":\"2022-10-05T18:20:46+00:00\",\"dateModified\":\"2022-10-05T19:20:57+00:00\",\"breadcrumb\":{\"@id\":\"https:\/\/www.graficarapidix.com.br\/nova\/produto\/cartaz-a4\/#breadcrumb\"},\"inLanguage\":\"pt-BR\",\"potentialAction\":[{\"@type\":\"ReadAction\",\"target\":[\"https:\/\/www.graficarapidix.com.br\/nova\/produto\/cartaz-a4\/\"]}]},{\"@type\":\"BreadcrumbList\",\"@id\":\"https:\/\/www.graficarapidix.com.br\/nova\/produto\/cartaz-a4\/#breadcrumb\",\"itemListElement\":[{\"@type\":\"ListItem\",\"position\":1,\"name\":\"In\u00edcio\",\"item\":\"https:\/\/www.graficarapidix.com.br\/nova\/\"},{\"@type\":\"ListItem\",\"position\":2,\"name\":\"Loja\",\"item\":\"https:\/\/www.graficarapidix.com.br\/nova\/loja\/\"},{\"@type\":\"ListItem\",\"position\":3,\"name\":\"Cartaz A4\"}]},{\"@type\":\"WebSite\",\"@id\":\"https:\/\/www.graficarapidix.com.br\/nova\/#website\",\"url\":\"https:\/\/www.graficarapidix.com.br\/nova\/\",\"name\":\"Gr\u00e1fica Rapidix\",\"description\":\"Sua gr\u00e1fica on-line\",\"publisher\":{\"@id\":\"https:\/\/www.graficarapidix.com.br\/nova\/#organization\"},\"potentialAction\":[{\"@type\":\"SearchAction\",\"target\":{\"@type\":\"EntryPoint\",\"urlTemplate\":\"https:\/\/www.graficarapidix.com.br\/nova\/?s={search_term_string}\"},\"query-input\":\"required name=search_term_string\"}],\"inLanguage\":\"pt-BR\"},{\"@type\":\"Organization\",\"@id\":\"https:\/\/www.graficarapidix.com.br\/nova\/#organization\",\"name\":\"Gr\u00e1fica Rapidix\",\"url\":\"https:\/\/www.graficarapidix.com.br\/nova\/\",\"logo\":{\"@type\":\"ImageObject\",\"inLanguage\":\"pt-BR\",\"@id\":\"https:\/\/www.graficarapidix.com.br\/nova\/#\/schema\/logo\/image\/\",\"url\":\"https:\/\/www.graficarapidix.com.br\/nova\/wp-content\/uploads\/2020\/04\/grafica_rapidix_logo.jpg\",\"contentUrl\":\"https:\/\/www.graficarapidix.com.br\/nova\/wp-content\/uploads\/2020\/04\/grafica_rapidix_logo.jpg\",\"width\":190,\"height\":96,\"caption\":\"Gr\u00e1fica Rapidix\"},\"image\":{\"@id\":\"https:\/\/www.graficarapidix.com.br\/nova\/#\/schema\/logo\/image\/\"}}]}<\/script>\n<!-- \/ Yoast SEO plugin. -->","yoast_head_json":{"title":"Cartaz A4 - Gr\u00e1fica Rapidix","robots":{"index":"index","follow":"follow","max-snippet":"max-snippet:-1","max-image-preview":"max-image-preview:large","max-video-preview":"max-video-preview:-1"},"canonical":"https:\/\/www.graficarapidix.com.br\/nova\/produto\/cartaz-a4\/","og_locale":"pt_BR","og_type":"article","og_title":"Cartaz A4 - Gr\u00e1fica Rapidix","og_description":"Comprar na loja virtual da Gr\u00e1fica Rapidix \u00e9 muito simples e voc\u00ea tem tr\u00eas op\u00e7\u00f5es. Basta escolher uma delas:  1- Se voc\u00ea tiver uma arte final j\u00e1 pronta, clique em Procurar 2- Para criar seu produto, em Personalizar produto 3- Ou contrate nosso Designer: Or\u00e7amento personalizado","og_url":"https:\/\/www.graficarapidix.com.br\/nova\/produto\/cartaz-a4\/","og_site_name":"Gr\u00e1fica Rapidix","article_modified_time":"2022-10-05T19:20:57+00:00","og_image":[{"width":1062,"height":590,"url":"https:\/\/www.graficarapidix.com.br\/nova\/wp-content\/uploads\/2022\/10\/Cartaz-A4.jpg","type":"image\/jpeg"}],"twitter_card":"summary_large_image","schema":{"@context":"https:\/\/schema.org","@graph":[{"@type":"WebPage","@id":"https:\/\/www.graficarapidix.com.br\/nova\/produto\/cartaz-a4\/","url":"https:\/\/www.graficarapidix.com.br\/nova\/produto\/cartaz-a4\/","name":"Cartaz A4 - Gr\u00e1fica Rapidix","isPartOf":{"@id":"https:\/\/www.graficarapidix.com.br\/nova\/#website"},"datePublished":"2022-10-05T18:20:46+00:00","dateModified":"2022-10-05T19:20:57+00:00","breadcrumb":{"@id":"https:\/\/www.graficarapidix.com.br\/nova\/produto\/cartaz-a4\/#breadcrumb"},"inLanguage":"pt-BR","potentialAction":[{"@type":"ReadAction","target":["https:\/\/www.graficarapidix.com.br\/nova\/produto\/cartaz-a4\/"]}]},{"@type":"BreadcrumbList","@id":"https:\/\/www.graficarapidix.com.br\/nova\/produto\/cartaz-a4\/#breadcrumb","itemListElement":[{"@type":"ListItem","position":1,"name":"In\u00edcio","item":"https:\/\/www.graficarapidix.com.br\/nova\/"},{"@type":"ListItem","position":2,"name":"Loja","item":"https:\/\/www.graficarapidix.com.br\/nova\/loja\/"},{"@type":"ListItem","position":3,"name":"Cartaz A4"}]},{"@type":"WebSite","@id":"https:\/\/www.graficarapidix.com.br\/nova\/#website","url":"https:\/\/www.graficarapidix.com.br\/nova\/","name":"Gr\u00e1fica Rapidix","description":"Sua gr\u00e1fica on-line","publisher":{"@id":"https:\/\/www.graficarapidix.com.br\/nova\/#organization"},"potentialAction":[{"@type":"SearchAction","target":{"@type":"EntryPoint","urlTemplate":"https:\/\/www.graficarapidix.com.br\/nova\/?s={search_term_string}"},"query-input":"required name=search_term_string"}],"inLanguage":"pt-BR"},{"@type":"Organization","@id":"https:\/\/www.graficarapidix.com.br\/nova\/#organization","name":"Gr\u00e1fica Rapidix","url":"https:\/\/www.graficarapidix.com.br\/nova\/","logo":{"@type":"ImageObject","inLanguage":"pt-BR","@id":"https:\/\/www.graficarapidix.com.br\/nova\/#\/schema\/logo\/image\/","url":"https:\/\/www.graficarapidix.com.br\/nova\/wp-content\/uploads\/2020\/04\/grafica_rapidix_logo.jpg","contentUrl":"https:\/\/www.graficarapidix.com.br\/nova\/wp-content\/uploads\/2020\/04\/grafica_rapidix_logo.jpg","width":190,"height":96,"caption":"Gr\u00e1fica Rapidix"},"image":{"@id":"https:\/\/www.graficarapidix.com.br\/nova\/#\/schema\/logo\/image\/"}}]}},"_links":{"self":[{"href":"https:\/\/www.graficarapidix.com.br\/nova\/wp-json\/wp\/v2\/product\/2577","targetHints":{"allow":["GET"]}}],"collection":[{"href":"https:\/\/www.graficarapidix.com.br\/nova\/wp-json\/wp\/v2\/product"}],"about":[{"href":"https:\/\/www.graficarapidix.com.br\/nova\/wp-json\/wp\/v2\/types\/product"}],"wp:featuredmedia":[{"embeddable":true,"href":"https:\/\/www.graficarapidix.com.br\/nova\/wp-json\/wp\/v2\/media\/2578"}],"wp:attachment":[{"href":"https:\/\/www.graficarapidix.com.br\/nova\/wp-json\/wp\/v2\/media?parent=2577"}],"wp:term":[{"taxonomy":"product_cat","embeddable":true,"href":"https:\/\/www.graficarapidix.com.br\/nova\/wp-json\/wp\/v2\/product_cat?post=2577"},{"taxonomy":"product_tag","embeddable":true,"href":"https:\/\/www.graficarapidix.com.br\/nova\/wp-json\/wp\/v2\/product_tag?post=2577"}],"curies":[{"name":"wp","href":"https:\/\/api.w.org\/{rel}","templated":true}]}}