{"id":998,"date":"2020-03-31T18:36:21","date_gmt":"2020-03-31T21:36:21","guid":{"rendered":"http:\/\/www.graficarapidix.com.br\/nova\/?page_id=998"},"modified":"2020-04-07T17:29:44","modified_gmt":"2020-04-07T20:29:44","slug":"quem-somos","status":"publish","type":"page","link":"https:\/\/www.graficarapidix.com.br\/nova\/quem-somos\/","title":{"rendered":"Quem somos"},"content":{"rendered":"<h2><span style=\"color: #ff6600;\">Quem somos<\/span><\/h2>\n<p>A Gr\u00e1fica Rapidix \u00e9 uma empresa formada por uma equipe de profissionais altamente especializados e apaixonados por artes gr\u00e1ficas. Possui equipamentos pr\u00f3prios para criar e produzir seus impressos, al\u00e9m de manter in\u00fameras parcerias comerciais que garantem um mix de produtos e servi\u00e7os para atender as necessidades espec\u00edficas de cada cliente.<\/p>\n<p>Entre suas metas principais est\u00e1 a presta\u00e7\u00e3o de servi\u00e7os gr\u00e1ficos para empresas, profissionais liberais e pessoas f\u00edsicas em todo o Brasil. E estes objetivos v\u00e3o se consolidando a cada dia, atrav\u00e9s de depoimentos de milhares de clientes satisfeitos ao longo dos anos.<\/p>\n<p>O mesmo atendimento, qualidade e excel\u00eancia em servi\u00e7os agora estendem-se para a loja virtual da Gr\u00e1fica Rapidix, aliadados a facilidade de compras em um ambiente intuitivo, seguro e agrad\u00e1vel.<\/p>\n<p>Comprar na loja virtual da Gr\u00e1fica Rapidix \u00e9 muito simples: voc\u00ea poder\u00e1 enviar a sua arte final pronta, contratar a sua cria\u00e7\u00e3o ou, caso n\u00e3o tenha experi\u00eancia em editora\u00e7\u00e3o gr\u00e1fica, escolher entre as milhares de combina\u00e7\u00f5es diferentes de produtos, desde cart\u00f5es de visita, panfletos, folhetos, flyers, folders e tantos outros dispon\u00edveis no site e personaliz\u00e1-los ao seu gosto. Depois, \u00e9 s\u00f3 efetuar o pagamento e receber o material desejado em sua resid\u00eancia ou local de trabalho.<\/p>\n<p>Excel\u00eancia no atendimento, produtos de qualidade e pre\u00e7os competitivos s\u00e3o os diferencias da Gr\u00e1fica Rapidix, e para n\u00f3s, voc\u00ea cliente \u00e9 a raz\u00e3o maior do nosso neg\u00f3cio.<\/p>\n<p>Gr\u00e1fica Rapidix<br \/>\nAv. Itaberaba, 3140 &#8211; Freguesia do \u00d3<br \/>\nS\u00e3o Paulo &#8211; S\u00e3o Paulo<br \/>\nCEP 02739-000<br \/>\nCel.: 11 98067-0159 &#8211; 98079-8770 (Oi &#8211; WhatsApp)<br \/>\ne-mail: rapidix@terra.com.br<\/p>\n","protected":false},"excerpt":{"rendered":"<p>Quem somos A Gr\u00e1fica Rapidix \u00e9 uma empresa formada por uma equipe de profissionais altamente especializados e apaixonados por artes gr\u00e1ficas. Possui equipamentos pr\u00f3prios para criar e produzir seus impressos, al\u00e9m de manter in\u00fameras parcerias comerciais que garantem um mix de produtos e servi\u00e7os para atender as necessidades espec\u00edficas de cada cliente. Entre suas metas [&hellip;]<\/p>\n","protected":false},"author":1,"featured_media":1218,"parent":0,"menu_order":0,"comment_status":"closed","ping_status":"closed","template":"","meta":{"footnotes":""},"class_list":["post-998","page","type-page","status-publish","has-post-thumbnail","hentry"],"yoast_head":"<!-- This site is optimized with the Yoast SEO plugin v19.10 - https:\/\/yoast.com\/wordpress\/plugins\/seo\/ -->\n<title>Quem somos - Gr\u00e1fica Rapidix<\/title>\n<meta name=\"robots\" content=\"index, follow, max-snippet:-1, max-image-preview:large, max-video-preview:-1\" \/>\n<link rel=\"canonical\" href=\"https:\/\/www.graficarapidix.com.br\/nova\/quem-somos\/\" \/>\n<meta property=\"og:locale\" content=\"pt_BR\" \/>\n<meta property=\"og:type\" content=\"article\" \/>\n<meta property=\"og:title\" content=\"Quem somos - Gr\u00e1fica Rapidix\" \/>\n<meta property=\"og:description\" content=\"Quem somos A Gr\u00e1fica Rapidix \u00e9 uma empresa formada por uma equipe de profissionais altamente especializados e apaixonados por artes gr\u00e1ficas. Possui equipamentos pr\u00f3prios para criar e produzir seus impressos, al\u00e9m de manter in\u00fameras parcerias comerciais que garantem um mix de produtos e servi\u00e7os para atender as necessidades espec\u00edficas de cada cliente. Entre suas metas [&hellip;]\" \/>\n<meta property=\"og:url\" content=\"https:\/\/www.graficarapidix.com.br\/nova\/quem-somos\/\" \/>\n<meta property=\"og:site_name\" content=\"Gr\u00e1fica Rapidix\" \/>\n<meta property=\"article:modified_time\" content=\"2020-04-07T20:29:44+00:00\" \/>\n<meta property=\"og:image\" content=\"https:\/\/www.graficarapidix.com.br\/nova\/wp-content\/uploads\/2020\/04\/quem-somos.jpg\" \/>\n\t<meta property=\"og:image:width\" content=\"800\" \/>\n\t<meta property=\"og:image:height\" content=\"200\" \/>\n\t<meta property=\"og:image:type\" content=\"image\/jpeg\" \/>\n<meta name=\"twitter:card\" content=\"summary_large_image\" \/>\n<meta name=\"twitter:label1\" content=\"Est. tempo de leitura\" \/>\n\t<meta name=\"twitter:data1\" content=\"1 minuto\" \/>\n<script type=\"application\/ld+json\" class=\"yoast-schema-graph\">{\"@context\":\"https:\/\/schema.org\",\"@graph\":[{\"@type\":\"WebPage\",\"@id\":\"https:\/\/www.graficarapidix.com.br\/nova\/quem-somos\/\",\"url\":\"https:\/\/www.graficarapidix.com.br\/nova\/quem-somos\/\",\"name\":\"Quem somos - Gr\u00e1fica Rapidix\",\"isPartOf\":{\"@id\":\"https:\/\/www.graficarapidix.com.br\/nova\/#website\"},\"datePublished\":\"2020-03-31T21:36:21+00:00\",\"dateModified\":\"2020-04-07T20:29:44+00:00\",\"breadcrumb\":{\"@id\":\"https:\/\/www.graficarapidix.com.br\/nova\/quem-somos\/#breadcrumb\"},\"inLanguage\":\"pt-BR\",\"potentialAction\":[{\"@type\":\"ReadAction\",\"target\":[\"https:\/\/www.graficarapidix.com.br\/nova\/quem-somos\/\"]}]},{\"@type\":\"BreadcrumbList\",\"@id\":\"https:\/\/www.graficarapidix.com.br\/nova\/quem-somos\/#breadcrumb\",\"itemListElement\":[{\"@type\":\"ListItem\",\"position\":1,\"name\":\"In\u00edcio\",\"item\":\"https:\/\/www.graficarapidix.com.br\/nova\/\"},{\"@type\":\"ListItem\",\"position\":2,\"name\":\"Quem somos\"}]},{\"@type\":\"WebSite\",\"@id\":\"https:\/\/www.graficarapidix.com.br\/nova\/#website\",\"url\":\"https:\/\/www.graficarapidix.com.br\/nova\/\",\"name\":\"Gr\u00e1fica Rapidix\",\"description\":\"Sua gr\u00e1fica on-line\",\"publisher\":{\"@id\":\"https:\/\/www.graficarapidix.com.br\/nova\/#organization\"},\"potentialAction\":[{\"@type\":\"SearchAction\",\"target\":{\"@type\":\"EntryPoint\",\"urlTemplate\":\"https:\/\/www.graficarapidix.com.br\/nova\/?s={search_term_string}\"},\"query-input\":\"required name=search_term_string\"}],\"inLanguage\":\"pt-BR\"},{\"@type\":\"Organization\",\"@id\":\"https:\/\/www.graficarapidix.com.br\/nova\/#organization\",\"name\":\"Gr\u00e1fica Rapidix\",\"url\":\"https:\/\/www.graficarapidix.com.br\/nova\/\",\"logo\":{\"@type\":\"ImageObject\",\"inLanguage\":\"pt-BR\",\"@id\":\"https:\/\/www.graficarapidix.com.br\/nova\/#\/schema\/logo\/image\/\",\"url\":\"https:\/\/www.graficarapidix.com.br\/nova\/wp-content\/uploads\/2020\/04\/grafica_rapidix_logo.jpg\",\"contentUrl\":\"https:\/\/www.graficarapidix.com.br\/nova\/wp-content\/uploads\/2020\/04\/grafica_rapidix_logo.jpg\",\"width\":190,\"height\":96,\"caption\":\"Gr\u00e1fica Rapidix\"},\"image\":{\"@id\":\"https:\/\/www.graficarapidix.com.br\/nova\/#\/schema\/logo\/image\/\"}}]}<\/script>\n<!-- \/ Yoast SEO plugin. -->","yoast_head_json":{"title":"Quem somos - Gr\u00e1fica Rapidix","robots":{"index":"index","follow":"follow","max-snippet":"max-snippet:-1","max-image-preview":"max-image-preview:large","max-video-preview":"max-video-preview:-1"},"canonical":"https:\/\/www.graficarapidix.com.br\/nova\/quem-somos\/","og_locale":"pt_BR","og_type":"article","og_title":"Quem somos - Gr\u00e1fica Rapidix","og_description":"Quem somos A Gr\u00e1fica Rapidix \u00e9 uma empresa formada por uma equipe de profissionais altamente especializados e apaixonados por artes gr\u00e1ficas. Possui equipamentos pr\u00f3prios para criar e produzir seus impressos, al\u00e9m de manter in\u00fameras parcerias comerciais que garantem um mix de produtos e servi\u00e7os para atender as necessidades espec\u00edficas de cada cliente. Entre suas metas [&hellip;]","og_url":"https:\/\/www.graficarapidix.com.br\/nova\/quem-somos\/","og_site_name":"Gr\u00e1fica Rapidix","article_modified_time":"2020-04-07T20:29:44+00:00","og_image":[{"width":800,"height":200,"url":"https:\/\/www.graficarapidix.com.br\/nova\/wp-content\/uploads\/2020\/04\/quem-somos.jpg","type":"image\/jpeg"}],"twitter_card":"summary_large_image","twitter_misc":{"Est. tempo de leitura":"1 minuto"},"schema":{"@context":"https:\/\/schema.org","@graph":[{"@type":"WebPage","@id":"https:\/\/www.graficarapidix.com.br\/nova\/quem-somos\/","url":"https:\/\/www.graficarapidix.com.br\/nova\/quem-somos\/","name":"Quem somos - Gr\u00e1fica Rapidix","isPartOf":{"@id":"https:\/\/www.graficarapidix.com.br\/nova\/#website"},"datePublished":"2020-03-31T21:36:21+00:00","dateModified":"2020-04-07T20:29:44+00:00","breadcrumb":{"@id":"https:\/\/www.graficarapidix.com.br\/nova\/quem-somos\/#breadcrumb"},"inLanguage":"pt-BR","potentialAction":[{"@type":"ReadAction","target":["https:\/\/www.graficarapidix.com.br\/nova\/quem-somos\/"]}]},{"@type":"BreadcrumbList","@id":"https:\/\/www.graficarapidix.com.br\/nova\/quem-somos\/#breadcrumb","itemListElement":[{"@type":"ListItem","position":1,"name":"In\u00edcio","item":"https:\/\/www.graficarapidix.com.br\/nova\/"},{"@type":"ListItem","position":2,"name":"Quem somos"}]},{"@type":"WebSite","@id":"https:\/\/www.graficarapidix.com.br\/nova\/#website","url":"https:\/\/www.graficarapidix.com.br\/nova\/","name":"Gr\u00e1fica Rapidix","description":"Sua gr\u00e1fica on-line","publisher":{"@id":"https:\/\/www.graficarapidix.com.br\/nova\/#organization"},"potentialAction":[{"@type":"SearchAction","target":{"@type":"EntryPoint","urlTemplate":"https:\/\/www.graficarapidix.com.br\/nova\/?s={search_term_string}"},"query-input":"required name=search_term_string"}],"inLanguage":"pt-BR"},{"@type":"Organization","@id":"https:\/\/www.graficarapidix.com.br\/nova\/#organization","name":"Gr\u00e1fica Rapidix","url":"https:\/\/www.graficarapidix.com.br\/nova\/","logo":{"@type":"ImageObject","inLanguage":"pt-BR","@id":"https:\/\/www.graficarapidix.com.br\/nova\/#\/schema\/logo\/image\/","url":"https:\/\/www.graficarapidix.com.br\/nova\/wp-content\/uploads\/2020\/04\/grafica_rapidix_logo.jpg","contentUrl":"https:\/\/www.graficarapidix.com.br\/nova\/wp-content\/uploads\/2020\/04\/grafica_rapidix_logo.jpg","width":190,"height":96,"caption":"Gr\u00e1fica Rapidix"},"image":{"@id":"https:\/\/www.graficarapidix.com.br\/nova\/#\/schema\/logo\/image\/"}}]}},"_links":{"self":[{"href":"https:\/\/www.graficarapidix.com.br\/nova\/wp-json\/wp\/v2\/pages\/998","targetHints":{"allow":["GET"]}}],"collection":[{"href":"https:\/\/www.graficarapidix.com.br\/nova\/wp-json\/wp\/v2\/pages"}],"about":[{"href":"https:\/\/www.graficarapidix.com.br\/nova\/wp-json\/wp\/v2\/types\/page"}],"author":[{"embeddable":true,"href":"https:\/\/www.graficarapidix.com.br\/nova\/wp-json\/wp\/v2\/users\/1"}],"replies":[{"embeddable":true,"href":"https:\/\/www.graficarapidix.com.br\/nova\/wp-json\/wp\/v2\/comments?post=998"}],"version-history":[{"count":4,"href":"https:\/\/www.graficarapidix.com.br\/nova\/wp-json\/wp\/v2\/pages\/998\/revisions"}],"predecessor-version":[{"id":1220,"href":"https:\/\/www.graficarapidix.com.br\/nova\/wp-json\/wp\/v2\/pages\/998\/revisions\/1220"}],"wp:featuredmedia":[{"embeddable":true,"href":"https:\/\/www.graficarapidix.com.br\/nova\/wp-json\/wp\/v2\/media\/1218"}],"wp:attachment":[{"href":"https:\/\/www.graficarapidix.com.br\/nova\/wp-json\/wp\/v2\/media?parent=998"}],"curies":[{"name":"wp","href":"https:\/\/api.w.org\/{rel}","templated":true}]}}